{"id":12479,"date":"2024-11-25T10:33:30","date_gmt":"2024-11-25T09:33:30","guid":{"rendered":"https:\/\/ellios-biotek.com\/?page_id=12479"},"modified":"2025-07-03T17:40:38","modified_gmt":"2025-07-03T15:40:38","slug":"entreprise","status":"publish","type":"page","link":"https:\/\/ellios-biotek.com\/en\/","title":{"rendered":"Presentation"},"content":{"rendered":"<div data-elementor-type=\"wp-page\" data-elementor-id=\"12479\" class=\"elementor elementor-12479\">\n\t\t\t\t<div class=\"elementor-element elementor-element-753d935 main-content e-flex e-con-boxed e-con e-parent\" data-id=\"753d935\" data-element_type=\"container\" data-e-type=\"container\">\n\t\t\t\t\t<div class=\"e-con-inner\">\n\t\t<div class=\"elementor-element elementor-element-55b8a20 e-con-full e-flex e-con e-child\" data-id=\"55b8a20\" data-element_type=\"container\" data-e-type=\"container\">\n\t\t\t\t<div class=\"elementor-element elementor-element-ebc1f62 elementor-widget elementor-widget-image\" data-id=\"ebc1f62\" data-element_type=\"widget\" data-e-type=\"widget\" data-widget_type=\"image.default\">\n\t\t\t\t<div class=\"elementor-widget-container\">\n\t\t\t\t\t\t\t\t\t\t\t\t\t\t\t<img fetchpriority=\"high\" decoding=\"async\" width=\"351\" height=\"400\" src=\"https:\/\/ellios-biotek.com\/wp-content\/uploads\/2024\/12\/presentation.jpg\" class=\"attachment-large size-large wp-image-12675\" alt=\"\" srcset=\"https:\/\/ellios-biotek.com\/wp-content\/uploads\/2024\/12\/presentation.jpg 351w, https:\/\/ellios-biotek.com\/wp-content\/uploads\/2024\/12\/presentation-263x300.jpg 263w, https:\/\/ellios-biotek.com\/wp-content\/uploads\/2024\/12\/presentation-11x12.jpg 11w, https:\/\/ellios-biotek.com\/wp-content\/uploads\/2024\/12\/presentation-300x342.jpg 300w\" sizes=\"(max-width: 351px) 100vw, 351px\" \/>\t\t\t\t\t\t\t\t\t\t\t\t\t\t\t<\/div>\n\t\t\t\t<\/div>\n\t\t\t\t<\/div>\n\t\t<div class=\"elementor-element elementor-element-8b95a55 e-con-full e-flex e-con e-child\" data-id=\"8b95a55\" data-element_type=\"container\" data-e-type=\"container\">\n\t\t\t\t<div class=\"elementor-element elementor-element-04d4c54 elementor-widget elementor-widget-heading\" data-id=\"04d4c54\" data-element_type=\"widget\" data-e-type=\"widget\" data-widget_type=\"heading.default\">\n\t\t\t\t<div class=\"elementor-widget-container\">\n\t\t\t\t\t<h2 class=\"elementor-heading-title elementor-size-default\">The company<\/h2>\t\t\t\t<\/div>\n\t\t\t\t<\/div>\n\t\t\t\t<div class=\"elementor-element elementor-element-6c0d72c elementor-widget elementor-widget-text-editor\" data-id=\"6c0d72c\" data-element_type=\"widget\" data-e-type=\"widget\" data-widget_type=\"text-editor.default\">\n\t\t\t\t<div class=\"elementor-widget-container\">\n\t\t\t\t\t\t\t\t\t<p>Founded in 1995 by Dr. Bernard MONTANARI, Ellios Bio Tek quickly established itself as a key player in the field of single-use medical devices. The company initially specialized in two main areas: assisted reproductive technology (ART) and functional exploration in gynecology. Through in-depth research and technical expertise, Ellios Bio Tek develops innovative and high-performance solutions that meet the growing needs of healthcare professionals.\u00a0<\/p><p>Its distribution strategy is based on a personalized approach and high-quality customer service, enabling the company to build long-lasting relationships with healthcare professionals. Some of its products, thanks to their effectiveness and reliability, have become market benchmarks, widely adopted by the majority of practitioners. This recognition reflects not only the quality of Ellios Bio Tek\u2019s innovations but also its commitment to improving medical practices and supporting reproductive health for patients around the world.\u00a0<\/p>\t\t\t\t\t\t\t\t<\/div>\n\t\t\t\t<\/div>\n\t\t\t\t<\/div>\n\t\t\t\t\t<\/div>\n\t\t\t\t<\/div>\n\t\t<div class=\"elementor-element elementor-element-ea1e0fb e-flex e-con-boxed e-con e-parent\" data-id=\"ea1e0fb\" data-element_type=\"container\" data-e-type=\"container\">\n\t\t\t\t\t<div class=\"e-con-inner\">\n\t\t<div class=\"elementor-element elementor-element-288c8d9 e-con-full e-flex e-con e-child\" data-id=\"288c8d9\" data-element_type=\"container\" data-e-type=\"container\">\n\t\t\t\t<div class=\"elementor-element elementor-element-3f9a8a3 elementor-widget elementor-widget-heading\" data-id=\"3f9a8a3\" data-element_type=\"widget\" data-e-type=\"widget\" data-widget_type=\"heading.default\">\n\t\t\t\t<div class=\"elementor-widget-container\">\n\t\t\t\t\t<h2 class=\"elementor-heading-title elementor-size-default\">Awareness, Availability, Reactivity<\/h2>\t\t\t\t<\/div>\n\t\t\t\t<\/div>\n\t\t\t\t<div class=\"elementor-element elementor-element-90a6c02 elementor-widget elementor-widget-text-editor\" data-id=\"90a6c02\" data-element_type=\"widget\" data-e-type=\"widget\" data-widget_type=\"text-editor.default\">\n\t\t\t\t<div class=\"elementor-widget-container\">\n\t\t\t\t\t\t\t\t\t<p>For over 30 years, the company has been marketing its range of medical devices to clinicians and biologists specializing in human reproduction, both in France and internationally.&nbsp;<\/p>\n<p>Thus, Ellios Bio Tek is not merely limited to the distribution of single-use medical devices but also strives to make a meaningful contribution to the research and development of solutions that address the challenges of modern medicine. With a clear vision and values focused on innovation, efficiency, and safety, the company continues to evolve and adapt its offerings to meet the demands of a constantly changing sector.&nbsp;<\/p>\t\t\t\t\t\t\t\t<\/div>\n\t\t\t\t<\/div>\n\t\t\t\t<\/div>\n\t\t<div class=\"elementor-element elementor-element-77542d6 e-con-full pinned e-flex e-con e-child\" data-id=\"77542d6\" data-element_type=\"container\" data-e-type=\"container\">\n\t\t\t\t<div class=\"elementor-element elementor-element-f435d9b elementor-widget elementor-widget-text-editor\" data-id=\"f435d9b\" data-element_type=\"widget\" data-e-type=\"widget\" data-widget_type=\"text-editor.default\">\n\t\t\t\t<div class=\"elementor-widget-container\">\n\t\t\t\t\t\t\t\t\t<p><strong>Ellios Bio Tek Laboratories were founded in 1995 by Dr. Bernard Montanari.&nbsp;<\/strong><\/p>\n<p>He had previously worked for 10 years in the SERONO group (then world leader in infertility treatments) for which he created and then managed several subsidiaries, including France, before being appointed \u201cW.W. Corporate Senior Vice President\u201d in charge of licenses and acquisitions.<\/p>\t\t\t\t\t\t\t\t<\/div>\n\t\t\t\t<\/div>\n\t\t\t\t<\/div>\n\t\t\t\t\t<\/div>\n\t\t\t\t<\/div>\n\t\t\t\t<\/div>","protected":false},"excerpt":{"rendered":"<p>Pr\u00e9sentation Fond\u00e9e en 1995 par le Dr Bernard MONTANARI, Ellios Bio Tek s&#8217;est rapidement impos\u00e9e comme un acteur cl\u00e9 dans le secteur des dispositifs m\u00e9dicaux \u00e0 usage unique. L&#8217;entreprise se sp\u00e9cialise tout d&#8217;abord dans deux domaines principaux : l&#8217;assistance m\u00e9dicale \u00e0 la procr\u00e9ation (AMP) et l&#8217;exploration fonctionnelle en gyn\u00e9cologie. Gr\u00e2ce \u00e0 une recherche approfondie et [&hellip;]<\/p>\n","protected":false},"author":1,"featured_media":0,"parent":0,"menu_order":0,"comment_status":"closed","ping_status":"closed","template":"","meta":{"footnotes":""},"class_list":["post-12479","page","type-page","status-publish","hentry"],"_links":{"self":[{"href":"https:\/\/ellios-biotek.com\/en\/wp-json\/wp\/v2\/pages\/12479","targetHints":{"allow":["GET"]}}],"collection":[{"href":"https:\/\/ellios-biotek.com\/en\/wp-json\/wp\/v2\/pages"}],"about":[{"href":"https:\/\/ellios-biotek.com\/en\/wp-json\/wp\/v2\/types\/page"}],"author":[{"embeddable":true,"href":"https:\/\/ellios-biotek.com\/en\/wp-json\/wp\/v2\/users\/1"}],"replies":[{"embeddable":true,"href":"https:\/\/ellios-biotek.com\/en\/wp-json\/wp\/v2\/comments?post=12479"}],"version-history":[{"count":50,"href":"https:\/\/ellios-biotek.com\/en\/wp-json\/wp\/v2\/pages\/12479\/revisions"}],"predecessor-version":[{"id":13075,"href":"https:\/\/ellios-biotek.com\/en\/wp-json\/wp\/v2\/pages\/12479\/revisions\/13075"}],"wp:attachment":[{"href":"https:\/\/ellios-biotek.com\/en\/wp-json\/wp\/v2\/media?parent=12479"}],"curies":[{"name":"wp","href":"https:\/\/api.w.org\/{rel}","templated":true}]}}