{"id":12491,"date":"2024-11-25T10:41:27","date_gmt":"2024-11-25T09:41:27","guid":{"rendered":"https:\/\/ellios-biotek.com\/?page_id=12491"},"modified":"2024-12-26T16:40:27","modified_gmt":"2024-12-26T15:40:27","slug":"informations-legales","status":"publish","type":"page","link":"https:\/\/ellios-biotek.com\/en\/informations-legales\/","title":{"rendered":"Informations l\u00e9gales"},"content":{"rendered":"<div data-elementor-type=\"wp-page\" data-elementor-id=\"12491\" class=\"elementor elementor-12491\">\n\t\t\t\t<div class=\"elementor-element elementor-element-0d59a32 main-content e-flex e-con-boxed e-con e-parent\" data-id=\"0d59a32\" data-element_type=\"container\" data-e-type=\"container\">\n\t\t\t\t\t<div class=\"e-con-inner\">\n\t\t<div class=\"elementor-element elementor-element-c30ce20 e-con-full e-flex e-con e-child\" data-id=\"c30ce20\" data-element_type=\"container\" data-e-type=\"container\">\n\t\t\t\t<div class=\"elementor-element elementor-element-487e769 elementor-widget elementor-widget-heading\" data-id=\"487e769\" data-element_type=\"widget\" data-e-type=\"widget\" data-widget_type=\"heading.default\">\n\t\t\t\t<div class=\"elementor-widget-container\">\n\t\t\t\t\t<h2 class=\"elementor-heading-title elementor-size-default\">Informations relatives \u00e0 l\u2019 entreprise<\/h2>\t\t\t\t<\/div>\n\t\t\t\t<\/div>\n\t\t\t\t<div class=\"elementor-element elementor-element-930863b elementor-widget elementor-widget-text-editor\" data-id=\"930863b\" data-element_type=\"widget\" data-e-type=\"widget\" data-widget_type=\"text-editor.default\">\n\t\t\t\t<div class=\"elementor-widget-container\">\n\t\t\t\t\t\t\t\t\t<p>Laboratoires Ellios Bio Tek, SAS<br \/>SIRET : 401 107 529 00059<\/p><p>Coordonn\u00e9es\u00a0:<br \/>74, rue du Ch\u00e2teau &#8211; 92100 Boulogne-Billancourt<br \/>T\u00e9l. : +33 1 44 26 22 80<br \/>Fax : +33 1 44 26 22 89<\/p>\t\t\t\t\t\t\t\t<\/div>\n\t\t\t\t<\/div>\n\t\t\t\t<div class=\"elementor-element elementor-element-40b4cc9 elementor-widget elementor-widget-heading\" data-id=\"40b4cc9\" data-element_type=\"widget\" data-e-type=\"widget\" data-widget_type=\"heading.default\">\n\t\t\t\t<div class=\"elementor-widget-container\">\n\t\t\t\t\t<h2 class=\"elementor-heading-title elementor-size-default\">Direction de publication<\/h2>\t\t\t\t<\/div>\n\t\t\t\t<\/div>\n\t\t\t\t<div class=\"elementor-element elementor-element-afba403 elementor-widget elementor-widget-text-editor\" data-id=\"afba403\" data-element_type=\"widget\" data-e-type=\"widget\" data-widget_type=\"text-editor.default\">\n\t\t\t\t<div class=\"elementor-widget-container\">\n\t\t\t\t\t\t\t\t\t<p>Bernard Montanari<\/p>\t\t\t\t\t\t\t\t<\/div>\n\t\t\t\t<\/div>\n\t\t\t\t<div class=\"elementor-element elementor-element-5e0c8d8 elementor-widget elementor-widget-heading\" data-id=\"5e0c8d8\" data-element_type=\"widget\" data-e-type=\"widget\" data-widget_type=\"heading.default\">\n\t\t\t\t<div class=\"elementor-widget-container\">\n\t\t\t\t\t<h2 class=\"elementor-heading-title elementor-size-default\">Avertissement<\/h2>\t\t\t\t<\/div>\n\t\t\t\t<\/div>\n\t\t\t\t<div class=\"elementor-element elementor-element-b81786f elementor-widget elementor-widget-text-editor\" data-id=\"b81786f\" data-element_type=\"widget\" data-e-type=\"widget\" data-widget_type=\"text-editor.default\">\n\t\t\t\t<div class=\"elementor-widget-container\">\n\t\t\t\t\t\t\t\t\t<p>Toutes les informations figurant sur le site sont purement indicatives et ne rev\u00eatent aucun caract\u00e8re contractuel. Elles sont susceptibles de modifications \u00e0 tout moment et sans pr\u00e9avis.<\/p>\t\t\t\t\t\t\t\t<\/div>\n\t\t\t\t<\/div>\n\t\t\t\t<\/div>\n\t\t<div class=\"elementor-element elementor-element-dace442 e-con-full e-flex e-con e-child\" data-id=\"dace442\" data-element_type=\"container\" data-e-type=\"container\">\n\t\t\t\t<div class=\"elementor-element elementor-element-7a0fde3 elementor-widget elementor-widget-heading\" data-id=\"7a0fde3\" data-element_type=\"widget\" data-e-type=\"widget\" data-widget_type=\"heading.default\">\n\t\t\t\t<div class=\"elementor-widget-container\">\n\t\t\t\t\t<h2 class=\"elementor-heading-title elementor-size-default\">H\u00e9bergement<\/h2>\t\t\t\t<\/div>\n\t\t\t\t<\/div>\n\t\t\t\t<div class=\"elementor-element elementor-element-cc3fed1 elementor-widget elementor-widget-text-editor\" data-id=\"cc3fed1\" data-element_type=\"widget\" data-e-type=\"widget\" data-widget_type=\"text-editor.default\">\n\t\t\t\t<div class=\"elementor-widget-container\">\n\t\t\t\t\t\t\t\t\t<p>Ce site est h\u00e9berg\u00e9 par OVH SAS <br \/>2 rue Kellermann &#8211; 59100 Roubaix &#8211; France<\/p><p>OVH SAS est une filiale de la soci\u00e9t\u00e9 OVH Groupe SA, soci\u00e9t\u00e9 immatricul\u00e9e au RCS de Lille sous le num\u00e9ro 537 407 926 sise 2, rue Kellermann, 59100 Roubaix.<\/p>\t\t\t\t\t\t\t\t<\/div>\n\t\t\t\t<\/div>\n\t\t\t\t<div class=\"elementor-element elementor-element-d1b12e5 elementor-widget elementor-widget-heading\" data-id=\"d1b12e5\" data-element_type=\"widget\" data-e-type=\"widget\" data-widget_type=\"heading.default\">\n\t\t\t\t<div class=\"elementor-widget-container\">\n\t\t\t\t\t<h2 class=\"elementor-heading-title elementor-size-default\">Cr\u00e9ation<\/h2>\t\t\t\t<\/div>\n\t\t\t\t<\/div>\n\t\t\t\t<div class=\"elementor-element elementor-element-d33a1d5 elementor-widget elementor-widget-text-editor\" data-id=\"d33a1d5\" data-element_type=\"widget\" data-e-type=\"widget\" data-widget_type=\"text-editor.default\">\n\t\t\t\t<div class=\"elementor-widget-container\">\n\t\t\t\t\t\t\t\t\t<p>Conception et r\u00e9alisation : <a href=\"https:\/\/oxygenz.fr\" target=\"_blank\" rel=\"noopener\">Oxygenz SAS<\/a><\/p>\t\t\t\t\t\t\t\t<\/div>\n\t\t\t\t<\/div>\n\t\t\t\t<\/div>\n\t\t\t\t\t<\/div>\n\t\t\t\t<\/div>\n\t\t\t\t<\/div>","protected":false},"excerpt":{"rendered":"<p>Informations relatives \u00e0 l\u2019 entreprise Laboratoires Ellios Bio Tek, SASSIRET : 401 107 529 00059 Coordonn\u00e9es\u00a0:74, rue du Ch\u00e2teau &#8211; 92100 Boulogne-BillancourtT\u00e9l. : +33 1 44 26 22 80Fax : +33 1 44 26 22 89 Direction de publication Bernard Montanari Avertissement Toutes les informations figurant sur le site sont purement indicatives et ne rev\u00eatent [&hellip;]<\/p>\n","protected":false},"author":1,"featured_media":0,"parent":0,"menu_order":0,"comment_status":"closed","ping_status":"closed","template":"","meta":{"footnotes":""},"class_list":["post-12491","page","type-page","status-publish","hentry"],"_links":{"self":[{"href":"https:\/\/ellios-biotek.com\/en\/wp-json\/wp\/v2\/pages\/12491","targetHints":{"allow":["GET"]}}],"collection":[{"href":"https:\/\/ellios-biotek.com\/en\/wp-json\/wp\/v2\/pages"}],"about":[{"href":"https:\/\/ellios-biotek.com\/en\/wp-json\/wp\/v2\/types\/page"}],"author":[{"embeddable":true,"href":"https:\/\/ellios-biotek.com\/en\/wp-json\/wp\/v2\/users\/1"}],"replies":[{"embeddable":true,"href":"https:\/\/ellios-biotek.com\/en\/wp-json\/wp\/v2\/comments?post=12491"}],"version-history":[{"count":13,"href":"https:\/\/ellios-biotek.com\/en\/wp-json\/wp\/v2\/pages\/12491\/revisions"}],"predecessor-version":[{"id":12780,"href":"https:\/\/ellios-biotek.com\/en\/wp-json\/wp\/v2\/pages\/12491\/revisions\/12780"}],"wp:attachment":[{"href":"https:\/\/ellios-biotek.com\/en\/wp-json\/wp\/v2\/media?parent=12491"}],"curies":[{"name":"wp","href":"https:\/\/api.w.org\/{rel}","templated":true}]}}